{"id":15,"date":"2021-01-18T10:25:09","date_gmt":"2021-01-18T10:25:09","guid":{"rendered":"https:\/\/inforcity.es\/?page_id=15"},"modified":"2021-03-19T12:47:14","modified_gmt":"2021-03-19T12:47:14","slug":"contacto","status":"publish","type":"page","link":"https:\/\/inforcity.es\/en\/contacto\/","title":{"rendered":"Contact us"},"content":{"rendered":"<p>[et_pb_section fb_built=\u00bb1&#8243; custom_padding_last_edited=\u00bbon|phone\u00bb admin_label=\u00bbLeader Header &#8211; Diana\u00bb module_class=\u00bbdiana_leader_header\u00bb _builder_version=\u00bb3.22&#8243; custom_padding=\u00bb0px||0px|||\u00bb custom_padding_tablet=\u00bb||40px\u00bb custom_padding_phone=\u00bb||60px|\u00bb][et_pb_row use_custom_gutter=\u00bbon\u00bb gutter_width=\u00bb1&#8243; module_class=\u00bb et_pb_row_fullwidth\u00bb _builder_version=\u00bb3.25&#8243; width=\u00bb100%\u00bb width_tablet=\u00bb100%\u00bb width_phone=\u00bb\u00bb width_last_edited=\u00bbon|desktop\u00bb max_width=\u00bb100%\u00bb max_width_tablet=\u00bb100%\u00bb max_width_phone=\u00bb\u00bb max_width_last_edited=\u00bbon|desktop\u00bb custom_padding=\u00bb0px||0px\u00bb custom_css_main_element=\u00bb    z-index: 5;\u00bb make_fullwidth=\u00bbon\u00bb][et_pb_column type=\u00bb4_4&#8243; _builder_version=\u00bb3.25&#8243; custom_padding=\u00bb|||\u00bb custom_padding__hover=\u00bb|||\u00bb][et_pb_image src=\u00bbhttps:\/\/inforcity.es\/wp-content\/uploads\/2021\/02\/team-of-diverse-hotline-operators-with-headphones-9R5VHX8-scaled.jpg\u00bb title_text=\u00bbTeam of diverse hotline operators with headphones providing service to clients at call center\u00bb align_tablet=\u00bbcenter\u00bb align_phone=\u00bb\u00bb align_last_edited=\u00bbon|desktop\u00bb admin_label=\u00bbLeader Header &#8211; Diana &#8211; Image\u00bb _builder_version=\u00bb4.8.1&#8243; custom_margin=\u00bb||-133px\u00bb custom_margin_tablet=\u00bb||-88px\u00bb custom_margin_phone=\u00bb\u00bb custom_margin_last_edited=\u00bbon|tablet\u00bb][\/et_pb_image][\/et_pb_column][\/et_pb_row][et_pb_row custom_padding_last_edited=\u00bbon|tablet\u00bb _builder_version=\u00bb3.25&#8243; background_color=\u00bb#ffffff\u00bb max_width=\u00bb1364px\u00bb custom_padding=\u00bb72px|5%|0px|5%\u00bb custom_padding_tablet=\u00bb40px||\u00bb custom_padding_phone=\u00bb\u00bb custom_css_main_element=\u00bb    z-index: 5;\u00bb use_custom_width=\u00bbon\u00bb custom_width_px=\u00bb1364px\u00bb][et_pb_column type=\u00bb4_4&#8243; _builder_version=\u00bb3.25&#8243; custom_padding=\u00bb|||\u00bb custom_padding__hover=\u00bb|||\u00bb][et_pb_text admin_label=\u00bbLeader Header &#8211; Diana &#8211; Text\u00bb module_class=\u00bbtexto-xl\u00bb _builder_version=\u00bb4.8.1&#8243; text_font=\u00bb|600|||||||\u00bb text_text_color=\u00bb#000000&#8243; text_line_height=\u00bb120%\u00bb text_font_size_tablet=\u00bb40px\u00bb text_font_size_phone=\u00bb30px\u00bb text_font_size_last_edited=\u00bbon|phone\u00bb]<\/p>\n<p><span>Contact us<\/span><\/p>\n<p>[\/et_pb_text][et_pb_text _builder_version=\u00bb4.8.1&#8243; _module_preset=\u00bbdefault\u00bb header_font_size=\u00bb28px\u00bb]<\/p>\n<h1><span>953267919 \/ info@innovasur.com<\/span><\/h1>\n<p>[\/et_pb_text][\/et_pb_column][\/et_pb_row][et_pb_row _builder_version=\u00bb3.25&#8243; background_color=\u00bb#ffffff\u00bb max_width=\u00bb1364px\u00bb custom_padding=\u00bb31px|5%|0px|5%\u00bb custom_css_main_element=\u00bb    z-index: 5;\u00bb use_custom_width=\u00bbon\u00bb custom_width_px=\u00bb1364px\u00bb global_module=\u00bb275794&#8243; saved_tabs=\u00bball\u00bb][et_pb_column type=\u00bb4_4&#8243; _builder_version=\u00bb3.25&#8243; custom_padding=\u00bb|||\u00bb custom_padding__hover=\u00bb|||\u00bb][et_pb_contact_form captcha=\u00bboff\u00bb email=\u00bbcomunicacion@innovasur.com\u00bb custom_message=\u00bbContacto desde la Web de In4city:||et_pb_line_break_holder||||et_pb_line_break_holder||    &#8211; Nombre: %%name%%||et_pb_line_break_holder||    &#8211; Email: %%email%%||et_pb_line_break_holder||||et_pb_line_break_holder||    &#8211; Mensaje: %%message%%\u00bb success_message=\u00bbGracias por contactarnos. En breve recibir\u00e1 respuesta.\u00bb admin_label=\u00bbLeader Header &#8211; Diana &#8211; Contact Form\u00bb _builder_version=\u00bb4.8.1&#8243; form_field_background_color=\u00bbrgba(0,0,0,0)\u00bb form_field_text_color=\u00bbrgba(0,0,0,0.53)\u00bb form_field_font=\u00bbSource Sans Pro||||||||\u00bb form_field_font_size=\u00bb16px\u00bb form_field_line_height=\u00bb120%\u00bb custom_css_contact_fields=\u00bbpadding: 17px 26px !important;\u00bb custom_css_text_field=\u00bbpadding: 17px 26px !important;||resize: none !important;||min-height: 164px;\u00bb border_width_all=\u00bb1px\u00bb border_color_all=\u00bb#e9e9e9&#8243; form_background_color=\u00bbrgba(0,0,0,0)\u00bb button_bg_color__hover_enabled=\u00bbon\u00bb button_bg_color__hover=\u00bb#e9eae5&#8243; button_text_color__hover_enabled=\u00bbon\u00bb button_text_color__hover=\u00bb#33373a\u00bb submit_button_text__hover_enabled=\u00bboff|desktop\u00bb][et_pb_contact_field field_id=\u00bbname\u00bb field_title=\u00bbNombre\u00bb _builder_version=\u00bb4.8.1&#8243; button_text_size__hover_enabled=\u00bboff\u00bb button_one_text_size__hover_enabled=\u00bboff\u00bb button_two_text_size__hover_enabled=\u00bboff\u00bb button_text_color__hover_enabled=\u00bboff\u00bb button_one_text_color__hover_enabled=\u00bboff\u00bb button_two_text_color__hover_enabled=\u00bboff\u00bb button_border_width__hover_enabled=\u00bboff\u00bb button_one_border_width__hover_enabled=\u00bboff\u00bb button_two_border_width__hover_enabled=\u00bboff\u00bb button_border_color__hover_enabled=\u00bboff\u00bb button_one_border_color__hover_enabled=\u00bboff\u00bb button_two_border_color__hover_enabled=\u00bboff\u00bb button_border_radius__hover_enabled=\u00bboff\u00bb button_one_border_radius__hover_enabled=\u00bboff\u00bb button_two_border_radius__hover_enabled=\u00bboff\u00bb button_letter_spacing__hover_enabled=\u00bboff\u00bb button_one_letter_spacing__hover_enabled=\u00bboff\u00bb button_two_letter_spacing__hover_enabled=\u00bboff\u00bb button_bg_color__hover_enabled=\u00bboff\u00bb button_one_bg_color__hover_enabled=\u00bboff\u00bb button_two_bg_color__hover_enabled=\u00bboff\u00bb][\/et_pb_contact_field][et_pb_contact_field field_id=\u00bbemail\u00bb field_title=\u00bbDirecci\u00f3n de correo electr\u00f3nico\u00bb field_type=\u00bbemail\u00bb _builder_version=\u00bb4.8.1&#8243; button_text_size__hover_enabled=\u00bboff\u00bb button_one_text_size__hover_enabled=\u00bboff\u00bb button_two_text_size__hover_enabled=\u00bboff\u00bb button_text_color__hover_enabled=\u00bboff\u00bb button_one_text_color__hover_enabled=\u00bboff\u00bb button_two_text_color__hover_enabled=\u00bboff\u00bb button_border_width__hover_enabled=\u00bboff\u00bb button_one_border_width__hover_enabled=\u00bboff\u00bb button_two_border_width__hover_enabled=\u00bboff\u00bb button_border_color__hover_enabled=\u00bboff\u00bb button_one_border_color__hover_enabled=\u00bboff\u00bb button_two_border_color__hover_enabled=\u00bboff\u00bb button_border_radius__hover_enabled=\u00bboff\u00bb button_one_border_radius__hover_enabled=\u00bboff\u00bb button_two_border_radius__hover_enabled=\u00bboff\u00bb button_letter_spacing__hover_enabled=\u00bboff\u00bb button_one_letter_spacing__hover_enabled=\u00bboff\u00bb button_two_letter_spacing__hover_enabled=\u00bboff\u00bb button_bg_color__hover_enabled=\u00bboff\u00bb button_one_bg_color__hover_enabled=\u00bboff\u00bb button_two_bg_color__hover_enabled=\u00bboff\u00bb][\/et_pb_contact_field][et_pb_contact_field field_id=\u00bbmessage\u00bb field_title=\u00bbMensaje\u00bb field_type=\u00bbtext\u00bb fullwidth_field=\u00bbon\u00bb _builder_version=\u00bb4.8.1&#8243; button_text_size__hover_enabled=\u00bboff\u00bb button_one_text_size__hover_enabled=\u00bboff\u00bb button_two_text_size__hover_enabled=\u00bboff\u00bb button_text_color__hover_enabled=\u00bboff\u00bb button_one_text_color__hover_enabled=\u00bboff\u00bb button_two_text_color__hover_enabled=\u00bboff\u00bb button_border_width__hover_enabled=\u00bboff\u00bb button_one_border_width__hover_enabled=\u00bboff\u00bb button_two_border_width__hover_enabled=\u00bboff\u00bb button_border_color__hover_enabled=\u00bboff\u00bb button_one_border_color__hover_enabled=\u00bboff\u00bb button_two_border_color__hover_enabled=\u00bboff\u00bb button_border_radius__hover_enabled=\u00bboff\u00bb button_one_border_radius__hover_enabled=\u00bboff\u00bb button_two_border_radius__hover_enabled=\u00bboff\u00bb button_letter_spacing__hover_enabled=\u00bboff\u00bb button_one_letter_spacing__hover_enabled=\u00bboff\u00bb button_two_letter_spacing__hover_enabled=\u00bboff\u00bb button_bg_color__hover_enabled=\u00bboff\u00bb button_one_bg_color__hover_enabled=\u00bboff\u00bb button_two_bg_color__hover_enabled=\u00bboff\u00bb][\/et_pb_contact_field][et_pb_contact_field field_id=\u00bbPolitica_Privacidad\u00bb field_title=\u00bbPol\u00edtica de Privacidad\u00bb field_type=\u00bbcheckbox\u00bb checkbox_options=\u00bb%91{%22value%22:%22He le\u00eddo y acepto la %22,%22checked%22:0,%22dragID%22:-1,%22link_url%22:%22https:\/\/innovasur.com\/wp-content\/uploads\/2020\/01\/Politica.pdf%22,%22link_text%22:%22Pol\u00edtica de Privacidad%22}%93&#8243; fullwidth_field=\u00bbon\u00bb _builder_version=\u00bb4.8.1&#8243; _module_preset=\u00bbdefault\u00bb][\/et_pb_contact_field][\/et_pb_contact_form][\/et_pb_column][\/et_pb_row][\/et_pb_section][et_pb_section fb_built=\u00bb1&#8243; _builder_version=\u00bb4.8.1&#8243; _module_preset=\u00bbdefault\u00bb][\/et_pb_section][et_pb_section fb_built=\u00bb1&#8243; fullwidth=\u00bbon\u00bb _builder_version=\u00bb4.8.1&#8243; _module_preset=\u00bbdefault\u00bb][et_pb_fullwidth_map address=\u00bbC\u00f3rdoba, Espa\u00f1a\u00bb zoom_level=\u00bb7&#8243; address_lat=\u00bb37.592787477667&#8243; address_lng=\u00bb-4.680506546875&#8243; _builder_version=\u00bb4.8.1&#8243; _module_preset=\u00bbdefault\u00bb min_height=\u00bb570px\u00bb][et_pb_map_pin title=\u00bbDelegaci\u00f3n de Ja\u00e9n\u00bb pin_address=\u00bbCalle Sierra Morena, 12a, 23620 Meng\u00edbar, Ja\u00e9n, Espa\u00f1a\u00bb zoom_level=\u00bb12&#8243; pin_address_lat=\u00bb37.9397164&#8243; pin_address_lng=\u00bb-3.7924381&#8243; _builder_version=\u00bb4.8.1&#8243; _module_preset=\u00bbdefault\u00bb]<\/p>\n<p><strong>Delegation of Ja\u00e9n<\/strong><\/p>\n<p>[\/et_pb_map_pin][et_pb_map_pin title=\u00bbDelegaci\u00f3n de Granada\u00bb pin_address=\u00bbCalle Periodista Fernando G\u00f3mez de la Cruz, 61, 18014 Granada, Espa\u00f1a\u00bb pin_address_lat=\u00bb37.1979217&#8243; pin_address_lng=\u00bb-3.6239911&#8243; _builder_version=\u00bb4.8.1&#8243; _module_preset=\u00bbdefault\u00bb]<\/p>\n<p><strong>Delegation of Granada<\/strong><\/p>\n<p>[\/et_pb_map_pin][et_pb_map_pin title=\u00bbDelegaci\u00f3n de C\u00f3rdoba\u00bb pin_address=\u00bbCalle Astr\u00f3noma Cecilia Payne. Edificio Centauro, 14014 C\u00f3rdoba, Espa\u00f1a\u00bb pin_address_lat=\u00bb37.9080102&#8243; pin_address_lng=\u00bb-4.729811&#8243; _builder_version=\u00bb4.8.1&#8243; _module_preset=\u00bbdefault\u00bb]<\/p>\n<p><strong>Delegation of C\u00f3rdoba<\/strong><\/p>\n<p>[\/et_pb_map_pin][et_pb_map_pin title=\u00bbDelegaci\u00f3n Andalucia Occidental\u00bb pin_address=\u00bbTorre Sevilla, Calle Gonzalo Jimenez de Quesada, 2, planta 18, 41092 Sevilla, Espa\u00f1a\u00bb pin_address_lat=\u00bb37.3914266&#8243; pin_address_lng=\u00bb-6.010487&#8243; _builder_version=\u00bb4.8.1&#8243; _module_preset=\u00bbdefault\u00bb]<\/p>\n<p><strong>Western Andalusia Delegation<\/strong><\/p>\n<p>[\/et_pb_map_pin][\/et_pb_fullwidth_map][\/et_pb_section][et_pb_section fb_built=\u00bb1&#8243; _builder_version=\u00bb4.8.1&#8243; _module_preset=\u00bbdefault\u00bb][\/et_pb_section][et_pb_section fb_built=\u00bb1&#8243; _builder_version=\u00bb4.8.1&#8243; _module_preset=\u00bbdefault\u00bb custom_padding=\u00bb1px||0px|||\u00bb][et_pb_row custom_padding_last_edited=\u00bbon|tablet\u00bb _builder_version=\u00bb3.25&#8243; background_color=\u00bb#ffffff\u00bb max_width=\u00bb1364px\u00bb custom_padding=\u00bb0px|5%|49px|5%||\u00bb custom_padding_tablet=\u00bb40px||\u00bb custom_padding_phone=\u00bb\u00bb custom_css_main_element=\u00bb    z-index: 5;\u00bb use_custom_width=\u00bbon\u00bb custom_width_px=\u00bb1364px\u00bb][et_pb_column type=\u00bb4_4&#8243; _builder_version=\u00bb3.25&#8243; custom_padding=\u00bb|||\u00bb custom_padding__hover=\u00bb|||\u00bb][et_pb_text admin_label=\u00bbLeader Header &#8211; Diana &#8211; Text\u00bb module_class=\u00bbtexto-xl\u00bb _builder_version=\u00bb4.8.1&#8243; text_font=\u00bb|600|||||||\u00bb text_text_color=\u00bb#000000&#8243; text_line_height=\u00bb120%\u00bb text_font_size_tablet=\u00bb40px\u00bb text_font_size_phone=\u00bb30px\u00bb text_font_size_last_edited=\u00bbon|phone\u00bb]<\/p>\n<p style=\"text-align: center;\"><span>Innovasur delegations<\/span><\/p>\n<p>[\/et_pb_text][\/et_pb_column][\/et_pb_row][\/et_pb_section][et_pb_section fb_built=\u00bb1&#8243; custom_padding_last_edited=\u00bbon|tablet\u00bb admin_label=\u00bbEminent Contact Blurbs &#8211; Diana\u00bb module_class=\u00bbdiana_eminent_contact_blurbs\u00bb _builder_version=\u00bb4.8.1&#8243; background_image=\u00bbhttps:\/\/inforcity.es\/wp-content\/uploads\/2021\/02\/diana-eminent-contact-blurbs-bg.jpg\u00bb custom_margin=\u00bb||-1px|||\u00bb custom_padding=\u00bb117px||124px|||\u00bb custom_padding_tablet=\u00bb40px||40px\u00bb custom_padding_phone=\u00bb\u00bb custom_css_before=\u00bbcontent: %22%22;||display: block;||position: absolute;||background-color: #33373a;||top:0;||left:0;||width: 100%;||height: 100%;||opacity: 0.3;\u00bb][et_pb_row column_structure=\u00bb1_2,1_2&#8243; use_custom_gutter=\u00bbon\u00bb gutter_width=\u00bb2&#8243; _builder_version=\u00bb3.25&#8243; max_width=\u00bb1170px\u00bb use_custom_width=\u00bbon\u00bb custom_width_px=\u00bb1170px\u00bb][et_pb_column type=\u00bb1_2&#8243; _builder_version=\u00bb3.25&#8243; custom_padding=\u00bb|||\u00bb custom_padding__hover=\u00bb|||\u00bb][et_pb_blurb title=\u00bbDelegaci\u00f3n de Ja\u00e9n\u00bb disabled_on=\u00bboff|off|off\u00bb admin_label=\u00bbEminent Contact Blurbs &#8211; Diana &#8211; Blurb\u00bb module_class=\u00bbcontacto-delegacion\u00bb _builder_version=\u00bb4.8.1&#8243; header_font=\u00bb|600|||||||\u00bb header_text_color=\u00bb#f8f8f6&#8243; header_font_size=\u00bb28px\u00bb header_line_height=\u00bb120%\u00bb body_font=\u00bb||||||||\u00bb body_text_color=\u00bb#ffffff\u00bb body_font_size=\u00bb16px\u00bb body_line_height=\u00bb140%\u00bb background_image=\u00bbhttps:\/\/inforcity.es\/wp-content\/uploads\/2021\/02\/diana-eminent-contact-blurbs-image1.jpg\u00bb text_orientation=\u00bbcenter\u00bb custom_padding=\u00bb60px|60px|60px|60px\u00bb custom_css_before=\u00bbcontent:%22%22;||display: block;||background-color: #e94d6a;||opacity: .9;||position: absolute;||top: 0;||left: 0;||right: 0;||bottom: 0;||transition: 0.3s;\u00bb custom_css_blurb_title=\u00bbpadding-bottom: 9px;\u00bb custom_css_blurb_content=\u00bbfont-weight: 400 !important;||padding: 31px 44px;\u00bb]<\/p>\n<p><span>Geolit Science and Technology Park<\/span><\/p>\n<p><span style=\"font-size: 16px;\">C \/ Sierra Morena, 12-A<\/span><\/p>\n<p><span>23620 Meng\u00edbar, Ja\u00e9n<\/span><\/p>\n<p>[\/et_pb_blurb][\/et_pb_column][et_pb_column type=\u00bb1_2&#8243; _builder_version=\u00bb3.25&#8243; custom_padding=\u00bb|||\u00bb custom_padding__hover=\u00bb|||\u00bb][et_pb_blurb title=\u00bbDelegaci\u00f3n de Granada\u00bb admin_label=\u00bbEminent Contact Blurbs &#8211; Diana &#8211; Blurb\u00bb module_class=\u00bbcontacto-delegacion\u00bb _builder_version=\u00bb4.8.1&#8243; header_font=\u00bb|600|||||||\u00bb header_text_color=\u00bb#f8f8f6&#8243; header_font_size=\u00bb28px\u00bb header_line_height=\u00bb120%\u00bb body_font=\u00bb||||||||\u00bb body_text_color=\u00bb#ffffff\u00bb body_font_size=\u00bb16px\u00bb body_line_height=\u00bb140%\u00bb background_image=\u00bbhttps:\/\/inforcity.es\/wp-content\/uploads\/2021\/02\/InteriorAldebaran2.jpg\u00bb text_orientation=\u00bbcenter\u00bb custom_padding=\u00bb60px|60px|60px|60px\u00bb custom_css_before=\u00bbcontent:%22%22;||display: block;||background-color: #e94d6a;||opacity: .9;||position: absolute;||top: 0;||left: 0;||right: 0;||bottom: 0;||transition: 0.3s;\u00bb custom_css_blurb_title=\u00bbpadding-bottom: 9px;\u00bb custom_css_blurb_content=\u00bbfont-weight: 400 !important;||padding: 31px 44px;\u00bb]<\/p>\n<p><span>CETIC-UGR.<\/span><\/p>\n<p><span>C \/ Periodista Fernando G\u00f3mez de la Cruz, 61. 1st floor.<\/span><\/p>\n<p><span>18014, Granada<\/span><\/p>\n<p>[\/et_pb_blurb][\/et_pb_column][\/et_pb_row][et_pb_row column_structure=\u00bb1_2,1_2&#8243; use_custom_gutter=\u00bbon\u00bb gutter_width=\u00bb2&#8243; _builder_version=\u00bb3.25&#8243; max_width=\u00bb1170px\u00bb use_custom_width=\u00bbon\u00bb custom_width_px=\u00bb1170px\u00bb][et_pb_column type=\u00bb1_2&#8243; _builder_version=\u00bb3.25&#8243; custom_padding=\u00bb|||\u00bb custom_padding__hover=\u00bb|||\u00bb][et_pb_blurb title=\u00bbDelegaci\u00f3n de C\u00f3rdoba\u00bb admin_label=\u00bbEminent Contact Blurbs &#8211; Diana &#8211; Blurb\u00bb module_class=\u00bbcontacto-delegacion\u00bb _builder_version=\u00bb4.8.1&#8243; header_font=\u00bb|600|||||||\u00bb header_text_color=\u00bb#f8f8f6&#8243; header_font_size=\u00bb28px\u00bb header_line_height=\u00bb120%\u00bb body_font=\u00bb||||||||\u00bb body_text_color=\u00bb#ffffff\u00bb body_font_size=\u00bb16px\u00bb body_line_height=\u00bb140%\u00bb background_image=\u00bbhttps:\/\/inforcity.es\/wp-content\/uploads\/2021\/02\/7585729040_017A2434.jpg\u00bb text_orientation=\u00bbcenter\u00bb custom_padding=\u00bb60px|60px|60px|60px\u00bb custom_css_before=\u00bbcontent:%22%22;||display: block;||background-color: #e94d6a;||opacity: .9;||position: absolute;||top: 0;||left: 0;||right: 0;||bottom: 0;||transition: 0.3s;\u00bb custom_css_blurb_title=\u00bbpadding-bottom: 9px;\u00bb custom_css_blurb_content=\u00bbfont-weight: 400 !important;||padding: 31px 44px;\u00bb]<\/p>\n<p><span>Rabanales Technology Park 21.<\/span><\/p>\n<p><span>C \/ Astronomer Cecilia Payne I.1.<\/span><\/p>\n<p><span>Aldebar\u00e1n Building Module I.1<\/span><\/p>\n<p><span>14014, Cordoba<\/span><\/p>\n<p>[\/et_pb_blurb][\/et_pb_column][et_pb_column type=\u00bb1_2&#8243; _builder_version=\u00bb3.25&#8243; custom_padding=\u00bb|||\u00bb custom_padding__hover=\u00bb|||\u00bb][et_pb_blurb title=\u00bbDelegaci\u00f3n Andalucia Occidental\u00bb admin_label=\u00bbEminent Contact Blurbs &#8211; Diana &#8211; Blurb\u00bb module_class=\u00bbcontacto-delegacion\u00bb _builder_version=\u00bb4.8.1&#8243; header_font=\u00bb|600|||||||\u00bb header_text_color=\u00bb#f8f8f6&#8243; header_font_size=\u00bb28px\u00bb header_line_height=\u00bb120%\u00bb body_font=\u00bb||||||||\u00bb body_text_color=\u00bb#ffffff\u00bb body_font_size=\u00bb16px\u00bb body_line_height=\u00bb140%\u00bb background_image=\u00bbhttps:\/\/inforcity.es\/wp-content\/uploads\/2021\/02\/Home.jpg\u00bb text_orientation=\u00bbcenter\u00bb custom_padding=\u00bb60px|60px|60px|60px\u00bb custom_css_before=\u00bbcontent:%22%22;||display: block;||background-color: #e94d6a;||opacity: .9;||position: absolute;||top: 0;||left: 0;||right: 0;||bottom: 0;||transition: 0.3s;\u00bb custom_css_blurb_title=\u00bbpadding-bottom: 9px;\u00bb custom_css_blurb_content=\u00bbfont-weight: 400 !important;||padding: 31px 44px;\u00bb]<\/p>\n<p>Torre Sevilla building<\/p>\n<p>C \/ Gonzalo Jim\u00e9nez de Quesada, n\u00ba2. 18th floor.<\/p>\n<p>41092, Seville<\/p>\n<p>[\/et_pb_blurb][\/et_pb_column][\/et_pb_row][\/et_pb_section][et_pb_section fb_built=\u00bb1&#8243; _builder_version=\u00bb4.8.1&#8243; _module_preset=\u00bbdefault\u00bb][\/et_pb_section]<\/p>","protected":false},"excerpt":{"rendered":"<p>[et_pb_section fb_built=\u00bb1&#8243; custom_padding_last_edited=\u00bbon|phone\u00bb admin_label=\u00bbLeader Header &#8211; Diana\u00bb module_class=\u00bbdiana_leader_header\u00bb _builder_version=\u00bb3.22&#8243; custom_padding=\u00bb0px||0px|||\u00bb custom_padding_tablet=\u00bb||40px\u00bb custom_padding_phone=\u00bb||60px|\u00bb][et_pb_row use_custom_gutter=\u00bbon\u00bb gutter_width=\u00bb1&#8243; module_class=\u00bb et_pb_row_fullwidth\u00bb _builder_version=\u00bb3.25&#8243; width=\u00bb100%\u00bb width_tablet=\u00bb100%\u00bb width_phone=\u00bb\u00bb width_last_edited=\u00bbon|desktop\u00bb max_width=\u00bb100%\u00bb max_width_tablet=\u00bb100%\u00bb max_width_phone=\u00bb\u00bb max_width_last_edited=\u00bbon|desktop\u00bb custom_padding=\u00bb0px||0px\u00bb custom_css_main_element=\u00bb z-index: 5;\u00bb make_fullwidth=\u00bbon\u00bb][et_pb_column type=\u00bb4_4&#8243; _builder_version=\u00bb3.25&#8243; custom_padding=\u00bb|||\u00bb custom_padding__hover=\u00bb|||\u00bb][et_pb_image src=\u00bbhttps:\/\/inforcity.es\/wp-content\/uploads\/2021\/02\/team-of-diverse-hotline-operators-with-headphones-9R5VHX8-scaled.jpg\u00bb title_text=\u00bbTeam of diverse hotline operators with headphones providing service to clients at call center\u00bb align_tablet=\u00bbcenter\u00bb align_phone=\u00bb\u00bb align_last_edited=\u00bbon|desktop\u00bb admin_label=\u00bbLeader Header &#8211; [&hellip;]<\/p>","protected":false},"author":1,"featured_media":0,"parent":0,"menu_order":0,"comment_status":"closed","ping_status":"closed","template":"","meta":{"_et_pb_use_builder":"on","_et_pb_old_content":"<!-- wp:divi\/placeholder \/-->","_et_gb_content_width":""},"_links":{"self":[{"href":"https:\/\/inforcity.es\/en\/wp-json\/wp\/v2\/pages\/15"}],"collection":[{"href":"https:\/\/inforcity.es\/en\/wp-json\/wp\/v2\/pages"}],"about":[{"href":"https:\/\/inforcity.es\/en\/wp-json\/wp\/v2\/types\/page"}],"author":[{"embeddable":true,"href":"https:\/\/inforcity.es\/en\/wp-json\/wp\/v2\/users\/1"}],"replies":[{"embeddable":true,"href":"https:\/\/inforcity.es\/en\/wp-json\/wp\/v2\/comments?post=15"}],"version-history":[{"count":35,"href":"https:\/\/inforcity.es\/en\/wp-json\/wp\/v2\/pages\/15\/revisions"}],"predecessor-version":[{"id":275796,"href":"https:\/\/inforcity.es\/en\/wp-json\/wp\/v2\/pages\/15\/revisions\/275796"}],"wp:attachment":[{"href":"https:\/\/inforcity.es\/en\/wp-json\/wp\/v2\/media?parent=15"}],"curies":[{"name":"wp","href":"https:\/\/api.w.org\/{rel}","templated":true}]}}